{"id":1453,"date":"2026-01-21T21:02:06","date_gmt":"2026-01-21T21:02:06","guid":{"rendered":"https:\/\/squibmexico.com\/home\/"},"modified":"2026-01-23T01:08:08","modified_gmt":"2026-01-23T01:08:08","slug":"home","status":"publish","type":"page","link":"https:\/\/squibmexico.com\/","title":{"rendered":"Home"},"content":{"rendered":"\t\t<div data-elementor-type=\"wp-post\" data-elementor-id=\"1453\" class=\"elementor elementor-1453\">\n\t\t\t\t<div class=\"elementor-element elementor-element-094be62 e-flex e-con-boxed e-con e-parent\" data-id=\"094be62\" data-element_type=\"container\" data-settings=\"{&quot;background_background&quot;:&quot;classic&quot;}\">\n\t\t\t\t\t<div class=\"e-con-inner\">\n\t\t<div class=\"elementor-element elementor-element-03016dc e-con-full e-flex e-con e-child\" data-id=\"03016dc\" data-element_type=\"container\">\n\t\t\t\t<div class=\"elementor-element elementor-element-0654f1c elementor-widget elementor-widget-image\" data-id=\"0654f1c\" data-element_type=\"widget\" data-widget_type=\"image.default\">\n\t\t\t\t\t\t\t\t\t\t\t\t\t\t\t<img fetchpriority=\"high\" decoding=\"async\" width=\"2344\" height=\"920\" src=\"https:\/\/squibmexico.com\/wp-content\/uploads\/2026\/01\/upscalemedia-transformed.png\" class=\"attachment-full size-full wp-image-1528\" alt=\"\" srcset=\"https:\/\/squibmexico.com\/wp-content\/uploads\/2026\/01\/upscalemedia-transformed.png 2344w, https:\/\/squibmexico.com\/wp-content\/uploads\/2026\/01\/upscalemedia-transformed-300x118.png 300w, https:\/\/squibmexico.com\/wp-content\/uploads\/2026\/01\/upscalemedia-transformed-1024x402.png 1024w, https:\/\/squibmexico.com\/wp-content\/uploads\/2026\/01\/upscalemedia-transformed-768x301.png 768w, https:\/\/squibmexico.com\/wp-content\/uploads\/2026\/01\/upscalemedia-transformed-1536x603.png 1536w, https:\/\/squibmexico.com\/wp-content\/uploads\/2026\/01\/upscalemedia-transformed-2048x804.png 2048w\" sizes=\"(max-width: 2344px) 100vw, 2344px\" \/>\t\t\t\t\t\t\t\t\t\t\t\t\t\t\t<\/div>\n\t\t\t\t<div class=\"elementor-element elementor-element-431bb09 elementor-widget elementor-widget-heading\" data-id=\"431bb09\" data-element_type=\"widget\" data-widget_type=\"heading.default\">\n\t\t\t\t\t<h3 class=\"elementor-heading-title elementor-size-default\"><br>Extiende la Vida \u00datil de tus Equipos y Reduce Costos de Mantenimiento<br><\/h3>\t\t\t\t<\/div>\n\t\t\t\t<div class=\"elementor-element elementor-element-32bc7f1 elementor-align-center elementor-button-warning elementor-widget elementor-widget-button\" data-id=\"32bc7f1\" data-element_type=\"widget\" data-widget_type=\"button.default\">\n\t\t\t\t\t\t\t\t\t\t<a class=\"elementor-button elementor-button-link elementor-size-sm\" href=\"#\">\n\t\t\t\t\t\t<span class=\"elementor-button-content-wrapper\">\n\t\t\t\t\t\t\t\t\t<span class=\"elementor-button-text\">Conocer m\u00e1s<\/span>\n\t\t\t\t\t<\/span>\n\t\t\t\t\t<\/a>\n\t\t\t\t\t\t\t\t<\/div>\n\t\t\t\t<div class=\"elementor-element elementor-element-8a045e8 elementor-view-default elementor-widget elementor-widget-icon\" data-id=\"8a045e8\" data-element_type=\"widget\" data-widget_type=\"icon.default\">\n\t\t\t\t\t\t\t<div class=\"elementor-icon-wrapper\">\n\t\t\t<div class=\"elementor-icon\">\n\t\t\t<svg aria-hidden=\"true\" class=\"e-font-icon-svg e-fas-long-arrow-alt-down\" viewBox=\"0 0 256 512\" xmlns=\"http:\/\/www.w3.org\/2000\/svg\"><path d=\"M168 345.941V44c0-6.627-5.373-12-12-12h-56c-6.627 0-12 5.373-12 12v301.941H41.941c-21.382 0-32.09 25.851-16.971 40.971l86.059 86.059c9.373 9.373 24.569 9.373 33.941 0l86.059-86.059c15.119-15.119 4.411-40.971-16.971-40.971H168z\"><\/path><\/svg>\t\t\t<\/div>\n\t\t<\/div>\n\t\t\t\t\t\t<\/div>\n\t\t\t\t<\/div>\n\t\t\t\t\t<\/div>\n\t\t\t\t<\/div>\n\t\t<div class=\"elementor-element elementor-element-d86f416 e-flex e-con-boxed e-con e-parent\" data-id=\"d86f416\" data-element_type=\"container\">\n\t\t\t\t\t<div class=\"e-con-inner\">\n\t\t<div class=\"elementor-element elementor-element-e2a66dd e-con-full e-flex e-con e-child\" data-id=\"e2a66dd\" data-element_type=\"container\">\n\t\t\t\t<div class=\"elementor-element elementor-element-96c9af5 elementor-widget elementor-widget-heading\" data-id=\"96c9af5\" data-element_type=\"widget\" data-widget_type=\"heading.default\">\n\t\t\t\t\t<h3 class=\"elementor-heading-title elementor-size-default\">ACERCA DE SQUIB MEXICO<\/h3>\t\t\t\t<\/div>\n\t\t\t\t<div class=\"elementor-element elementor-element-fb44a5d elementor-widget elementor-widget-text-editor\" data-id=\"fb44a5d\" data-element_type=\"widget\" data-widget_type=\"text-editor.default\">\n\t\t\t\t\t\t\t\t\t<p>Con m\u00e1s de una d\u00e9cada de trayectoria consolidada en el norte de M\u00e9xico, en<span class=\"Apple-converted-space\">\u00a0<\/span><b data-path-to-node=\"3,0\" data-index-in-node=\"76\">Squib M\u00e9xico<\/b><span class=\"Apple-converted-space\">\u00a0<\/span>redefinimos el tratamiento de agua industrial. Nuestra tecnolog\u00eda de<span class=\"Apple-converted-space\">\u00a0<\/span><b data-path-to-node=\"3,0\" data-index-in-node=\"158\">barrera filmante org\u00e1nica<\/b><span class=\"Apple-converted-space\">\u00a0<\/span>brinda protecci\u00f3n total contra corrosi\u00f3n e incrustaciones, optimizando el intercambio t\u00e9rmico y reduciendo dr\u00e1sticamente los paros t\u00e9cnicos. Somos el aliado estrat\u00e9gico que garantiza la integridad de sus activos y la continuidad de su operaci\u00f3n<\/p>\t\t\t\t\t\t\t\t<\/div>\n\t\t\t\t<div class=\"elementor-element elementor-element-3a49ba8 elementor-align-center elementor-widget elementor-widget-button\" data-id=\"3a49ba8\" data-element_type=\"widget\" data-widget_type=\"button.default\">\n\t\t\t\t\t\t\t\t\t\t<a class=\"elementor-button elementor-button-link elementor-size-sm\" href=\"#\">\n\t\t\t\t\t\t<span class=\"elementor-button-content-wrapper\">\n\t\t\t\t\t\t\t\t\t<span class=\"elementor-button-text\">Nuestros productos<\/span>\n\t\t\t\t\t<\/span>\n\t\t\t\t\t<\/a>\n\t\t\t\t\t\t\t\t<\/div>\n\t\t\t\t<\/div>\n\t\t\t\t\t<\/div>\n\t\t\t\t<\/div>\n\t\t<div class=\"elementor-element elementor-element-dae2285 e-flex e-con-boxed e-con e-parent\" data-id=\"dae2285\" data-element_type=\"container\" data-settings=\"{&quot;background_background&quot;:&quot;classic&quot;}\">\n\t\t\t\t\t<div class=\"e-con-inner\">\n\t\t<div class=\"elementor-element elementor-element-1cc0575 e-con-full e-flex e-con e-child\" data-id=\"1cc0575\" data-element_type=\"container\">\n\t\t\t\t<div class=\"elementor-element elementor-element-be32a2f elementor-widget elementor-widget-heading\" data-id=\"be32a2f\" data-element_type=\"widget\" data-widget_type=\"heading.default\">\n\t\t\t\t\t<h5 class=\"elementor-heading-title elementor-size-default\">Nuestros Servicios<\/h5>\t\t\t\t<\/div>\n\t\t\t\t<div class=\"elementor-element elementor-element-d2f89e0 elementor-widget elementor-widget-image-box\" data-id=\"d2f89e0\" data-element_type=\"widget\" data-widget_type=\"image-box.default\">\n\t\t\t\t\t<div class=\"elementor-image-box-wrapper\"><div class=\"elementor-image-box-content\"><h4 class=\"elementor-image-box-title\">Tratamiento de Calderas<\/h4><p class=\"elementor-image-box-description\">Soluciones avanzadas para prevenir incrustaciones y corrosi\u00f3n<\/p><\/div><\/div>\t\t\t\t<\/div>\n\t\t\t\t<div class=\"elementor-element elementor-element-d00ddeb elementor-widget-divider--view-line elementor-widget elementor-widget-divider\" data-id=\"d00ddeb\" data-element_type=\"widget\" data-widget_type=\"divider.default\">\n\t\t\t\t\t\t\t<div class=\"elementor-divider\">\n\t\t\t<span class=\"elementor-divider-separator\">\n\t\t\t\t\t\t<\/span>\n\t\t<\/div>\n\t\t\t\t\t\t<\/div>\n\t\t\t\t<div class=\"elementor-element elementor-element-c2b1ea4 elementor-widget elementor-widget-image-box\" data-id=\"c2b1ea4\" data-element_type=\"widget\" data-widget_type=\"image-box.default\">\n\t\t\t\t\t<div class=\"elementor-image-box-wrapper\"><div class=\"elementor-image-box-content\"><h4 class=\"elementor-image-box-title\">Sistemas de Enfriamiento<\/h4><p class=\"elementor-image-box-description\">Tecnolog\u00eda de punta para optimizar el rendimiento de sistemas de refrigeraci\u00f3n<\/p><\/div><\/div>\t\t\t\t<\/div>\n\t\t\t\t<div class=\"elementor-element elementor-element-421d9aa elementor-widget-divider--view-line elementor-widget elementor-widget-divider\" data-id=\"421d9aa\" data-element_type=\"widget\" data-widget_type=\"divider.default\">\n\t\t\t\t\t\t\t<div class=\"elementor-divider\">\n\t\t\t<span class=\"elementor-divider-separator\">\n\t\t\t\t\t\t<\/span>\n\t\t<\/div>\n\t\t\t\t\t\t<\/div>\n\t\t\t\t<div class=\"elementor-element elementor-element-4314198 elementor-widget elementor-widget-image-box\" data-id=\"4314198\" data-element_type=\"widget\" data-widget_type=\"image-box.default\">\n\t\t\t\t\t<div class=\"elementor-image-box-wrapper\"><div class=\"elementor-image-box-content\"><h4 class=\"elementor-image-box-title\">Soluciones de Limpieza<\/h4><p class=\"elementor-image-box-description\">Para sectores alimenticio, hospitalario, industrial y dom\u00e9stico<\/p><\/div><\/div>\t\t\t\t<\/div>\n\t\t\t\t<div class=\"elementor-element elementor-element-0fd6a21 elementor-widget-divider--view-line elementor-widget elementor-widget-divider\" data-id=\"0fd6a21\" data-element_type=\"widget\" data-widget_type=\"divider.default\">\n\t\t\t\t\t\t\t<div class=\"elementor-divider\">\n\t\t\t<span class=\"elementor-divider-separator\">\n\t\t\t\t\t\t<\/span>\n\t\t<\/div>\n\t\t\t\t\t\t<\/div>\n\t\t\t\t<div class=\"elementor-element elementor-element-da7fbf2 elementor-widget elementor-widget-image-box\" data-id=\"da7fbf2\" data-element_type=\"widget\" data-widget_type=\"image-box.default\">\n\t\t\t\t\t<div class=\"elementor-image-box-wrapper\"><div class=\"elementor-image-box-content\"><h4 class=\"elementor-image-box-title\">Mantenimiento Mec\u00e1nico<\/h4><p class=\"elementor-image-box-description\">Reparaci\u00f3n de calderas y equipos industriales<\/p><\/div><\/div>\t\t\t\t<\/div>\n\t\t\t\t<\/div>\n\t\t<div class=\"elementor-element elementor-element-2f4db7f e-con-full e-flex e-con e-child\" data-id=\"2f4db7f\" data-element_type=\"container\">\n\t\t\t\t<div class=\"elementor-element elementor-element-9d60f4d elementor-widget elementor-widget-heading\" data-id=\"9d60f4d\" data-element_type=\"widget\" data-widget_type=\"heading.default\">\n\t\t\t\t\t<h2 class=\"elementor-heading-title elementor-size-default\">Soluciones 360\u00b0 en qu\u00edmica industrial: Eficiencia t\u00e9rmica sin interrupciones.<\/h2>\t\t\t\t<\/div>\n\t\t\t\t<\/div>\n\t\t\t\t\t<\/div>\n\t\t\t\t<\/div>\n\t\t<div class=\"elementor-element elementor-element-fc1c9ac e-flex e-con-boxed e-con e-parent\" data-id=\"fc1c9ac\" data-element_type=\"container\">\n\t\t\t\t\t<div class=\"e-con-inner\">\n\t\t<div class=\"elementor-element elementor-element-688a7e5 e-con-full e-flex e-con e-child\" data-id=\"688a7e5\" data-element_type=\"container\">\n\t\t\t\t<div class=\"elementor-element elementor-element-ea40bcf elementor-widget elementor-widget-heading\" data-id=\"ea40bcf\" data-element_type=\"widget\" data-widget_type=\"heading.default\">\n\t\t\t\t\t<h5 class=\"elementor-heading-title elementor-size-default\">En SQUIB M\u00c9XICO, la calidad, la seguridad y la responsabilidad ambiental son pilares fundamentales de nuestro trabajo. Nos enorgullece contar con certificaciones que avalan nuestro compromiso con la excelencia y las mejores pr\u00e1cticas en la industria qu\u00edmica.<\/h5>\t\t\t\t<\/div>\n\t\t\t\t<div class=\"elementor-element elementor-element-ca5e889 elementor-widget elementor-widget-heading\" data-id=\"ca5e889\" data-element_type=\"widget\" data-widget_type=\"heading.default\">\n\t\t\t\t\t<h2 class=\"elementor-heading-title elementor-size-default\">Certificaciones Obtenidas<\/h2>\t\t\t\t<\/div>\n\t\t<div class=\"elementor-element elementor-element-8e68b1a e-flex e-con-boxed e-con e-child\" data-id=\"8e68b1a\" data-element_type=\"container\">\n\t\t\t\t\t<div class=\"e-con-inner\">\n\t\t\t\t<div class=\"elementor-element elementor-element-0fc7785 elementor-widget__width-initial elementor-widget-mobile__width-inherit elementor-position-top elementor-widget elementor-widget-image-box\" data-id=\"0fc7785\" data-element_type=\"widget\" data-widget_type=\"image-box.default\">\n\t\t\t\t\t<div class=\"elementor-image-box-wrapper\"><figure class=\"elementor-image-box-img\"><img decoding=\"async\" width=\"281\" height=\"512\" src=\"https:\/\/squibmexico.com\/wp-content\/uploads\/2026\/01\/unnamed.jpg\" class=\"attachment-full size-full wp-image-1502\" alt=\"\" srcset=\"https:\/\/squibmexico.com\/wp-content\/uploads\/2026\/01\/unnamed.jpg 281w, https:\/\/squibmexico.com\/wp-content\/uploads\/2026\/01\/unnamed-165x300.jpg 165w\" sizes=\"(max-width: 281px) 100vw, 281px\" \/><\/figure><div class=\"elementor-image-box-content\"><h4 class=\"elementor-image-box-title\">ISO 9001: Gesti\u00f3n de Calidad<\/h4><p class=\"elementor-image-box-description\">Aseguramos la excelencia y consistencia en todos nuestros procesos de producci\u00f3n y desarrollo, garantizando la m\u00e1xima satisfacci\u00f3n del cliente.<\/p><\/div><\/div>\t\t\t\t<\/div>\n\t\t\t\t<div class=\"elementor-element elementor-element-209969d elementor-widget__width-initial elementor-widget-mobile__width-inherit elementor-position-top elementor-widget elementor-widget-image-box\" data-id=\"209969d\" data-element_type=\"widget\" data-widget_type=\"image-box.default\">\n\t\t\t\t\t<div class=\"elementor-image-box-wrapper\"><figure class=\"elementor-image-box-img\"><img decoding=\"async\" width=\"442\" height=\"442\" src=\"https:\/\/squibmexico.com\/wp-content\/uploads\/2026\/01\/b0a4181c-6c31-4edc-9d45-eff6a160f406.png\" class=\"attachment-full size-full wp-image-1529\" alt=\"\" srcset=\"https:\/\/squibmexico.com\/wp-content\/uploads\/2026\/01\/b0a4181c-6c31-4edc-9d45-eff6a160f406.png 442w, https:\/\/squibmexico.com\/wp-content\/uploads\/2026\/01\/b0a4181c-6c31-4edc-9d45-eff6a160f406-300x300.png 300w, https:\/\/squibmexico.com\/wp-content\/uploads\/2026\/01\/b0a4181c-6c31-4edc-9d45-eff6a160f406-150x150.png 150w\" sizes=\"(max-width: 442px) 100vw, 442px\" \/><\/figure><div class=\"elementor-image-box-content\"><h4 class=\"elementor-image-box-title\">NSF<\/h4><p class=\"elementor-image-box-description\">Productos avalados por NSF para un manejo libre de contaminantes y riesgos operativos.<\/p><\/div><\/div>\t\t\t\t<\/div>\n\t\t\t\t\t<\/div>\n\t\t\t\t<\/div>\n\t\t\t\t<\/div>\n\t\t\t\t\t<\/div>\n\t\t\t\t<\/div>\n\t\t\t\t<\/div>\n\t\t","protected":false},"excerpt":{"rendered":"<p>Extiende la Vida \u00datil de tus Equipos y Reduce Costos de Mantenimiento Conocer m\u00e1s ACERCA DE SQUIB MEXICO Con m\u00e1s de una d\u00e9cada de trayectoria consolidada en el norte de M\u00e9xico, en\u00a0Squib M\u00e9xico\u00a0redefinimos el tratamiento de agua industrial. Nuestra tecnolog\u00eda de\u00a0barrera filmante org\u00e1nica\u00a0brinda protecci\u00f3n total contra corrosi\u00f3n e incrustaciones, optimizando el intercambio t\u00e9rmico y reduciendo [&hellip;]<\/p>\n","protected":false},"author":1,"featured_media":0,"parent":0,"menu_order":0,"comment_status":"closed","ping_status":"closed","template":"","meta":{"site-sidebar-layout":"no-sidebar","site-content-layout":"page-builder","ast-site-content-layout":"full-width-container","site-content-style":"unboxed","site-sidebar-style":"unboxed","ast-global-header-display":"","ast-banner-title-visibility":"","ast-main-header-display":"","ast-hfb-above-header-display":"","ast-hfb-below-header-display":"","ast-hfb-mobile-header-display":"","site-post-title":"disabled","ast-breadcrumbs-content":"","ast-featured-img":"disabled","footer-sml-layout":"","ast-disable-related-posts":"","theme-transparent-header-meta":"enabled","adv-header-id-meta":"","stick-header-meta":"","header-above-stick-meta":"","header-main-stick-meta":"","header-below-stick-meta":"","astra-migrate-meta-layouts":"set","ast-page-background-enabled":"default","ast-page-background-meta":{"desktop":{"background-color":"","background-image":"","background-repeat":"repeat","background-position":"center center","background-size":"auto","background-attachment":"scroll","background-type":"","background-media":"","overlay-type":"","overlay-color":"","overlay-opacity":"","overlay-gradient":""},"tablet":{"background-color":"","background-image":"","background-repeat":"repeat","background-position":"center center","background-size":"auto","background-attachment":"scroll","background-type":"","background-media":"","overlay-type":"","overlay-color":"","overlay-opacity":"","overlay-gradient":""},"mobile":{"background-color":"","background-image":"","background-repeat":"repeat","background-position":"center center","background-size":"auto","background-attachment":"scroll","background-type":"","background-media":"","overlay-type":"","overlay-color":"","overlay-opacity":"","overlay-gradient":""}},"ast-content-background-meta":{"desktop":{"background-color":"var(--ast-global-color-5)","background-image":"","background-repeat":"repeat","background-position":"center center","background-size":"auto","background-attachment":"scroll","background-type":"","background-media":"","overlay-type":"","overlay-color":"","overlay-opacity":"","overlay-gradient":""},"tablet":{"background-color":"var(--ast-global-color-5)","background-image":"","background-repeat":"repeat","background-position":"center center","background-size":"auto","background-attachment":"scroll","background-type":"","background-media":"","overlay-type":"","overlay-color":"","overlay-opacity":"","overlay-gradient":""},"mobile":{"background-color":"var(--ast-global-color-5)","background-image":"","background-repeat":"repeat","background-position":"center center","background-size":"auto","background-attachment":"scroll","background-type":"","background-media":"","overlay-type":"","overlay-color":"","overlay-opacity":"","overlay-gradient":""}},"footnotes":""},"class_list":["post-1453","page","type-page","status-publish","hentry"],"_links":{"self":[{"href":"https:\/\/squibmexico.com\/index.php?rest_route=\/wp\/v2\/pages\/1453","targetHints":{"allow":["GET"]}}],"collection":[{"href":"https:\/\/squibmexico.com\/index.php?rest_route=\/wp\/v2\/pages"}],"about":[{"href":"https:\/\/squibmexico.com\/index.php?rest_route=\/wp\/v2\/types\/page"}],"author":[{"embeddable":true,"href":"https:\/\/squibmexico.com\/index.php?rest_route=\/wp\/v2\/users\/1"}],"replies":[{"embeddable":true,"href":"https:\/\/squibmexico.com\/index.php?rest_route=%2Fwp%2Fv2%2Fcomments&post=1453"}],"version-history":[{"count":21,"href":"https:\/\/squibmexico.com\/index.php?rest_route=\/wp\/v2\/pages\/1453\/revisions"}],"predecessor-version":[{"id":1554,"href":"https:\/\/squibmexico.com\/index.php?rest_route=\/wp\/v2\/pages\/1453\/revisions\/1554"}],"wp:attachment":[{"href":"https:\/\/squibmexico.com\/index.php?rest_route=%2Fwp%2Fv2%2Fmedia&parent=1453"}],"curies":[{"name":"wp","href":"https:\/\/api.w.org\/{rel}","templated":true}]}}